{"id":4939,"date":"2024-11-11T17:30:52","date_gmt":"2024-11-11T15:30:52","guid":{"rendered":"https:\/\/nwww.crs4.it\/?page_id=4939"},"modified":"2025-04-24T20:09:39","modified_gmt":"2025-04-24T18:09:39","slug":"method-and-device-for-controlling-a-solar-power-plant-of-the-concentrated-type-with-multiple-towers-and-heliostats","status":"publish","type":"page","link":"https:\/\/www.crs4.it\/en\/patents-and-trademarks\/method-and-device-for-controlling-a-solar-power-plant-of-the-concentrated-type-with-multiple-towers-and-heliostats\/","title":{"rendered":"Method and device for controlling a solar power plant of the concentrated type with multiple towers and heliostats"},"content":{"rendered":"\t\t<div data-elementor-type=\"wp-page\" data-elementor-id=\"4939\" class=\"elementor elementor-4939 elementor-1992\" data-elementor-post-type=\"page\">\n\t\t\t\t<div class=\"elementor-element elementor-element-d7d27de e-flex e-con-boxed e-con e-parent\" data-id=\"d7d27de\" data-element_type=\"container\" data-settings=\"{&quot;background_background&quot;:&quot;classic&quot;,&quot;ekit_has_onepagescroll_dot&quot;:&quot;yes&quot;}\">\n\t\t\t\t\t<div class=\"e-con-inner\">\n\t\t<div class=\"elementor-element elementor-element-ad4e49a e-con-full e-flex e-con e-child\" data-id=\"ad4e49a\" data-element_type=\"container\" data-settings=\"{&quot;ekit_has_onepagescroll_dot&quot;:&quot;yes&quot;}\">\n\t\t\t\t<div class=\"elementor-element elementor-element-49a7406 elementor-widget elementor-widget-heading\" data-id=\"49a7406\" data-element_type=\"widget\" data-settings=\"{&quot;ekit_we_effect_on&quot;:&quot;none&quot;}\" data-widget_type=\"heading.default\">\n\t\t\t\t<div class=\"elementor-widget-container\">\n\t\t\t\t\t<h1 class=\"elementor-heading-title elementor-size-default\">Method and device for controlling a solar power plant of the concentrated type with multiple towers and heliostats<\/h1>\t\t\t\t<\/div>\n\t\t\t\t<\/div>\n\t\t\t\t<\/div>\n\t\t\t\t\t<\/div>\n\t\t\t\t<\/div>\n\t\t<div class=\"elementor-element elementor-element-05315ca e-flex e-con-boxed e-con e-parent\" data-id=\"05315ca\" data-element_type=\"container\" data-settings=\"{&quot;ekit_has_onepagescroll_dot&quot;:&quot;yes&quot;}\">\n\t\t\t\t\t<div class=\"e-con-inner\">\n\t\t\t\t<div class=\"elementor-element elementor-element-164747c elementor-widget elementor-widget-html\" data-id=\"164747c\" data-element_type=\"widget\" data-settings=\"{&quot;ekit_we_effect_on&quot;:&quot;none&quot;}\" data-widget_type=\"html.default\">\n\t\t\t\t<div class=\"elementor-widget-container\">\n\t\t\t\t\t<script src=\"\/crs4_js\/people-details.js\"><\/script>\t\t\t\t<\/div>\n\t\t\t\t<\/div>\n\t\t\t\t\t<\/div>\n\t\t\t\t<\/div>\n\t\t<div class=\"elementor-element elementor-element-f9db3ec e-flex e-con-boxed e-con e-parent\" data-id=\"f9db3ec\" data-element_type=\"container\" data-settings=\"{&quot;background_background&quot;:&quot;classic&quot;,&quot;ekit_has_onepagescroll_dot&quot;:&quot;yes&quot;}\">\n\t\t\t\t\t<div class=\"e-con-inner\">\n\t\t<div class=\"elementor-element elementor-element-dd93408 e-con-full e-flex e-con e-child\" data-id=\"dd93408\" data-element_type=\"container\" data-settings=\"{&quot;ekit_has_onepagescroll_dot&quot;:&quot;yes&quot;}\">\n\t\t<div class=\"elementor-element elementor-element-11799db e-con-full e-flex e-con e-child\" data-id=\"11799db\" data-element_type=\"container\" data-settings=\"{&quot;ekit_has_onepagescroll_dot&quot;:&quot;yes&quot;}\">\n\t\t<div class=\"elementor-element elementor-element-7a4fde9 e-con-full e-flex e-con e-child\" data-id=\"7a4fde9\" data-element_type=\"container\" data-settings=\"{&quot;ekit_has_onepagescroll_dot&quot;:&quot;yes&quot;}\">\n\t\t<div class=\"elementor-element elementor-element-95d16c0 e-con-full e-flex e-con e-child\" data-id=\"95d16c0\" data-element_type=\"container\" data-settings=\"{&quot;ekit_has_onepagescroll_dot&quot;:&quot;yes&quot;}\">\n\t\t\t\t<div class=\"elementor-element elementor-element-e7d5748 elementor-widget elementor-widget-image\" data-id=\"e7d5748\" data-element_type=\"widget\" data-settings=\"{&quot;ekit_we_effect_on&quot;:&quot;none&quot;}\" data-widget_type=\"image.default\">\n\t\t\t\t<div class=\"elementor-widget-container\">\n\t\t\t\t\t\t\t\t\t\t\t\t\t\t\t<img fetchpriority=\"high\" decoding=\"async\" width=\"800\" height=\"445\" src=\"https:\/\/www.crs4.it\/wp-content\/uploads\/Cabibbo-N-1-1024x569.png\" class=\"attachment-large size-large wp-image-4001\" alt=\"\" srcset=\"https:\/\/www.crs4.it\/wp-content\/uploads\/Cabibbo-N-1-1024x569.png 1024w, https:\/\/www.crs4.it\/wp-content\/uploads\/Cabibbo-N-1-300x167.png 300w, https:\/\/www.crs4.it\/wp-content\/uploads\/Cabibbo-N-1-768x427.png 768w, https:\/\/www.crs4.it\/wp-content\/uploads\/Cabibbo-N-1.png 1074w\" sizes=\"(max-width: 800px) 100vw, 800px\" \/>\t\t\t\t\t\t\t\t\t\t\t\t\t\t\t<\/div>\n\t\t\t\t<\/div>\n\t\t\t\t<\/div>\n\t\t\t\t<div class=\"elementor-element elementor-element-cb2139a elementor-widget elementor-widget-text-editor\" data-id=\"cb2139a\" data-element_type=\"widget\" data-settings=\"{&quot;ekit_we_effect_on&quot;:&quot;none&quot;}\" data-widget_type=\"text-editor.default\">\n\t\t\t\t<div class=\"elementor-widget-container\">\n\t\t\t\t\t\t\t\t\t<div class=\"row-fluid \">\n<div class=\"span9 \">\n\nUn codice di simulazione numerica molto flessibile (adattabile a campi solari di svariate dimensioni) permette di calcolare in maniera estremamente accurata l&#8217;energia solare raccolta da un impianto a pi\u00f9 torri (multitower). A questo codice \u00e8 accoppiato un altro codice che permette di ottimizzare l&#8217;inclinazione degli specchi in modo da configurare il campo, in tempo reale e per tutta la giornata, secondo le orientazioni ottimali al variare delle condizioni di insolazione.\nNell&#8217;ambito del solare termodinamico a concentrazione i sistemi &#8220;multitower&#8221; rappresentano una promettente estensione dei comuni sistemi a torre centrale. Gli eliostati (gli specchi motorizzati che riflettono la luce durante il moto apparente del Sole) riflettono la luce solare verso una delle torri del sistema multitower, a seconda della posizione del Sole. La gestione automatica dell&#8217;inclinazione degli eliostati contente di ridurre fortemente gli effetti d&#8217;ombra permettendo cos\u00ec di aumentare notevolmente la quantit\u00e0 di energia solare raccolta, a parit\u00e0 di infrastuttura utilizzata (eliostati, area occupata, blocco di potenza, acqua di gestione, ecc).\nAllo stesso tempo, \u00e8 possibile ottimizzare lo spazio occupato dagli specchi nei terreni e l\u2019altezza delle torri, creando un minor impatto visivo, e di installare questo genere di impianto anche in terreni collinosi di scarso interesse agricolo.\n\n<strong>PDF<\/strong>\u00a0&#8211; Google Patents &#8211;\u00a0<a href=\"https:\/\/www.crs4.it\/it\/news-view\/domanda-di-brevetto-del-crs4-impianti-solari-multitorre\/\" class=\"broken_link\">News<\/a>\u00a0&#8211;\u00a0<a href=\"https:\/\/www.youtube.com\/watch?v=A6rfsOdbASU&amp;feature=youtu.be&amp;ab_channel=CRS4video\">Video<\/a>\n\n<\/div>\n<\/div>\n<div class=\"row-fluid \">\n<div class=\"span3 \"><strong>Application filed<\/strong>: 03\/02\/2013 by Crs4 S.R.L.<\/div>\n<div class=\"span4 \">\n\n<strong>Publication<\/strong>: 07\/08\/2014 of MI2013A000168\n<strong>Inventors<\/strong>:\u00a0<a href=\"javascript:PeopleDetails.showAuthorDetails('175')\">Marco Cogoni<\/a>,\u00a0<a href=\"javascript:PeopleDetails.showAuthorDetails('41')\">Erminia Leonardi<\/a>\n\n<\/div>\n<\/div>\t\t\t\t\t\t\t\t<\/div>\n\t\t\t\t<\/div>\n\t\t\t\t<\/div>\n\t\t\t\t<\/div>\n\t\t\t\t<\/div>\n\t\t\t\t\t<\/div>\n\t\t\t\t<\/div>\n\t\t<div class=\"elementor-element elementor-element-4694913 e-flex e-con-boxed e-con e-parent\" data-id=\"4694913\" data-element_type=\"container\" data-settings=\"{&quot;ekit_has_onepagescroll_dot&quot;:&quot;yes&quot;}\">\n\t\t\t\t\t<div class=\"e-con-inner\">\n\t\t\t\t<div class=\"elementor-element elementor-element-4c0fe39 elementor-align-center elementor-widget elementor-widget-button\" data-id=\"4c0fe39\" data-element_type=\"widget\" data-settings=\"{&quot;ekit_we_effect_on&quot;:&quot;none&quot;}\" data-widget_type=\"button.default\">\n\t\t\t\t<div class=\"elementor-widget-container\">\n\t\t\t\t\t\t\t\t\t<div class=\"elementor-button-wrapper\">\n\t\t\t\t\t<a class=\"elementor-button elementor-button-link elementor-size-sm\" href=\"https:\/\/www.crs4.it\/brevetti-e-marchi\/\">\n\t\t\t\t\t\t<span class=\"elementor-button-content-wrapper\">\n\t\t\t\t\t\t\t\t\t<span class=\"elementor-button-text\">VIEW ALL PATENTS AND TRADEMARKS<\/span>\n\t\t\t\t\t<\/span>\n\t\t\t\t\t<\/a>\n\t\t\t\t<\/div>\n\t\t\t\t\t\t\t\t<\/div>\n\t\t\t\t<\/div>\n\t\t\t\t\t<\/div>\n\t\t\t\t<\/div>\n\t\t\t\t<\/div>\n\t\t","protected":false},"excerpt":{"rendered":"<p>Un codice di simulazione numerica molto flessibile (adattabile a campi solari di svariate dimensioni) permette di calcolare in maniera estremamente accurata l&#8217;energia solare raccolta da un impianto a pi\u00f9 torri (multitower). A questo codice \u00e8 accoppiato un altro codice che permette di ottimizzare l&#8217;inclinazione degli specchi in modo da configurare il campo, in tempo reale [&hellip;]<\/p>\n","protected":false},"author":2,"featured_media":0,"parent":4831,"menu_order":7,"comment_status":"closed","ping_status":"closed","template":"","meta":{"_acf_changed":false,"footnotes":""},"class_list":["post-4939","page","type-page","status-publish","hentry"],"acf":[],"yoast_head":"<!-- This site is optimized with the Yoast SEO plugin v25.9 - https:\/\/yoast.com\/wordpress\/plugins\/seo\/ -->\n<title>Method and device for controlling a solar power plant of the concentrated type with multiple towers and heliostats - CRS4<\/title>\n<meta name=\"robots\" content=\"index, follow, max-snippet:-1, max-image-preview:large, max-video-preview:-1\" \/>\n<link rel=\"canonical\" href=\"https:\/\/www.crs4.it\/en\/patents-and-trademarks\/method-and-device-for-controlling-a-solar-power-plant-of-the-concentrated-type-with-multiple-towers-and-heliostats\/\" \/>\n<meta property=\"og:locale\" content=\"en_US\" \/>\n<meta property=\"og:type\" content=\"article\" \/>\n<meta property=\"og:title\" content=\"Method and device for controlling a solar power plant of the concentrated type with multiple towers and heliostats - CRS4\" \/>\n<meta property=\"og:description\" content=\"Un codice di simulazione numerica molto flessibile (adattabile a campi solari di svariate dimensioni) permette di calcolare in maniera estremamente accurata l&#8217;energia solare raccolta da un impianto a pi\u00f9 torri (multitower). A questo codice \u00e8 accoppiato un altro codice che permette di ottimizzare l&#8217;inclinazione degli specchi in modo da configurare il campo, in tempo reale [&hellip;]\" \/>\n<meta property=\"og:url\" content=\"https:\/\/www.crs4.it\/en\/patents-and-trademarks\/method-and-device-for-controlling-a-solar-power-plant-of-the-concentrated-type-with-multiple-towers-and-heliostats\/\" \/>\n<meta property=\"og:site_name\" content=\"CRS4\" \/>\n<meta property=\"article:publisher\" content=\"https:\/\/www.facebook.com\/pages\/CRS4\/153623948010688\" \/>\n<meta property=\"article:modified_time\" content=\"2025-04-24T18:09:39+00:00\" \/>\n<meta property=\"og:image\" content=\"https:\/\/www.crs4.it\/wp-content\/uploads\/Cabibbo-N-1-1024x569.png\" \/>\n<meta name=\"twitter:card\" content=\"summary_large_image\" \/>\n<script type=\"application\/ld+json\" class=\"yoast-schema-graph\">{\"@context\":\"https:\/\/schema.org\",\"@graph\":[{\"@type\":\"Article\",\"@id\":\"https:\/\/www.crs4.it\/en\/patents-and-trademarks\/method-and-device-for-controlling-a-solar-power-plant-of-the-concentrated-type-with-multiple-towers-and-heliostats\/#article\",\"isPartOf\":{\"@id\":\"https:\/\/www.crs4.it\/en\/patents-and-trademarks\/method-and-device-for-controlling-a-solar-power-plant-of-the-concentrated-type-with-multiple-towers-and-heliostats\/\"},\"author\":{\"name\":\"Paolo Sirigu\",\"@id\":\"https:\/\/www.crs4.it\/en\/#\/schema\/person\/d6d18aa42b5f98236124cab354b7f22f\"},\"headline\":\"Method and device for controlling a solar power plant of the concentrated type with multiple towers and heliostats\",\"datePublished\":\"2024-11-11T15:30:52+00:00\",\"dateModified\":\"2025-04-24T18:09:39+00:00\",\"mainEntityOfPage\":{\"@id\":\"https:\/\/www.crs4.it\/en\/patents-and-trademarks\/method-and-device-for-controlling-a-solar-power-plant-of-the-concentrated-type-with-multiple-towers-and-heliostats\/\"},\"wordCount\":248,\"publisher\":{\"@id\":\"https:\/\/www.crs4.it\/en\/#organization\"},\"image\":{\"@id\":\"https:\/\/www.crs4.it\/en\/patents-and-trademarks\/method-and-device-for-controlling-a-solar-power-plant-of-the-concentrated-type-with-multiple-towers-and-heliostats\/#primaryimage\"},\"thumbnailUrl\":\"https:\/\/www.crs4.it\/wp-content\/uploads\/Cabibbo-N-1-1024x569.png\",\"inLanguage\":\"en-US\"},{\"@type\":\"WebPage\",\"@id\":\"https:\/\/www.crs4.it\/en\/patents-and-trademarks\/method-and-device-for-controlling-a-solar-power-plant-of-the-concentrated-type-with-multiple-towers-and-heliostats\/\",\"url\":\"https:\/\/www.crs4.it\/en\/patents-and-trademarks\/method-and-device-for-controlling-a-solar-power-plant-of-the-concentrated-type-with-multiple-towers-and-heliostats\/\",\"name\":\"Method and device for controlling a solar power plant of the concentrated type with multiple towers and heliostats - CRS4\",\"isPartOf\":{\"@id\":\"https:\/\/www.crs4.it\/en\/#website\"},\"primaryImageOfPage\":{\"@id\":\"https:\/\/www.crs4.it\/en\/patents-and-trademarks\/method-and-device-for-controlling-a-solar-power-plant-of-the-concentrated-type-with-multiple-towers-and-heliostats\/#primaryimage\"},\"image\":{\"@id\":\"https:\/\/www.crs4.it\/en\/patents-and-trademarks\/method-and-device-for-controlling-a-solar-power-plant-of-the-concentrated-type-with-multiple-towers-and-heliostats\/#primaryimage\"},\"thumbnailUrl\":\"https:\/\/www.crs4.it\/wp-content\/uploads\/Cabibbo-N-1-1024x569.png\",\"datePublished\":\"2024-11-11T15:30:52+00:00\",\"dateModified\":\"2025-04-24T18:09:39+00:00\",\"breadcrumb\":{\"@id\":\"https:\/\/www.crs4.it\/en\/patents-and-trademarks\/method-and-device-for-controlling-a-solar-power-plant-of-the-concentrated-type-with-multiple-towers-and-heliostats\/#breadcrumb\"},\"inLanguage\":\"en-US\",\"potentialAction\":[{\"@type\":\"ReadAction\",\"target\":[\"https:\/\/www.crs4.it\/en\/patents-and-trademarks\/method-and-device-for-controlling-a-solar-power-plant-of-the-concentrated-type-with-multiple-towers-and-heliostats\/\"]}]},{\"@type\":\"ImageObject\",\"inLanguage\":\"en-US\",\"@id\":\"https:\/\/www.crs4.it\/en\/patents-and-trademarks\/method-and-device-for-controlling-a-solar-power-plant-of-the-concentrated-type-with-multiple-towers-and-heliostats\/#primaryimage\",\"url\":\"https:\/\/www.crs4.it\/wp-content\/uploads\/Cabibbo-N-1-1024x569.png\",\"contentUrl\":\"https:\/\/www.crs4.it\/wp-content\/uploads\/Cabibbo-N-1-1024x569.png\"},{\"@type\":\"BreadcrumbList\",\"@id\":\"https:\/\/www.crs4.it\/en\/patents-and-trademarks\/method-and-device-for-controlling-a-solar-power-plant-of-the-concentrated-type-with-multiple-towers-and-heliostats\/#breadcrumb\",\"itemListElement\":[{\"@type\":\"ListItem\",\"position\":1,\"name\":\"Home\",\"item\":\"https:\/\/www.crs4.it\/en\/\"},{\"@type\":\"ListItem\",\"position\":2,\"name\":\"Patents and trademarks\",\"item\":\"https:\/\/www.crs4.it\/en\/patents-and-trademarks\/\"},{\"@type\":\"ListItem\",\"position\":3,\"name\":\"Method and device for controlling a solar power plant of the concentrated type with multiple towers and heliostats\"}]},{\"@type\":\"WebSite\",\"@id\":\"https:\/\/www.crs4.it\/en\/#website\",\"url\":\"https:\/\/www.crs4.it\/en\/\",\"name\":\"CRS4\",\"description\":\"\",\"publisher\":{\"@id\":\"https:\/\/www.crs4.it\/en\/#organization\"},\"potentialAction\":[{\"@type\":\"SearchAction\",\"target\":{\"@type\":\"EntryPoint\",\"urlTemplate\":\"https:\/\/www.crs4.it\/en\/?s={search_term_string}\"},\"query-input\":{\"@type\":\"PropertyValueSpecification\",\"valueRequired\":true,\"valueName\":\"search_term_string\"}}],\"inLanguage\":\"en-US\"},{\"@type\":\"Organization\",\"@id\":\"https:\/\/www.crs4.it\/en\/#organization\",\"name\":\"CRS4\",\"url\":\"https:\/\/www.crs4.it\/en\/\",\"logo\":{\"@type\":\"ImageObject\",\"inLanguage\":\"en-US\",\"@id\":\"https:\/\/www.crs4.it\/en\/#\/schema\/logo\/image\/\",\"url\":\"https:\/\/www.crs4.it\/wp-content\/uploads\/CRS4.trentennale_3.png\",\"contentUrl\":\"https:\/\/www.crs4.it\/wp-content\/uploads\/CRS4.trentennale_3.png\",\"width\":1518,\"height\":577,\"caption\":\"CRS4\"},\"image\":{\"@id\":\"https:\/\/www.crs4.it\/en\/#\/schema\/logo\/image\/\"},\"sameAs\":[\"https:\/\/www.facebook.com\/pages\/CRS4\/153623948010688\",\"https:\/\/www.instagram.com\/crs4.it\/\",\"https:\/\/www.youtube.com\/CRS4video\",\"https:\/\/www.linkedin.com\/company\/crs4\",\"https:\/\/www.slideshare.net\/CRS4\"]},{\"@type\":\"Person\",\"@id\":\"https:\/\/www.crs4.it\/en\/#\/schema\/person\/d6d18aa42b5f98236124cab354b7f22f\",\"name\":\"Paolo Sirigu\",\"image\":{\"@type\":\"ImageObject\",\"inLanguage\":\"en-US\",\"@id\":\"https:\/\/www.crs4.it\/en\/#\/schema\/person\/image\/\",\"url\":\"https:\/\/secure.gravatar.com\/avatar\/b8b44484d86fad28cb7ed89c8cf7ca1057f60adcf3113c1a0f24d057dbf8005d?s=96&d=mm&r=g\",\"contentUrl\":\"https:\/\/secure.gravatar.com\/avatar\/b8b44484d86fad28cb7ed89c8cf7ca1057f60adcf3113c1a0f24d057dbf8005d?s=96&d=mm&r=g\",\"caption\":\"Paolo Sirigu\"}}]}<\/script>\n<!-- \/ Yoast SEO plugin. -->","yoast_head_json":{"title":"Method and device for controlling a solar power plant of the concentrated type with multiple towers and heliostats - CRS4","robots":{"index":"index","follow":"follow","max-snippet":"max-snippet:-1","max-image-preview":"max-image-preview:large","max-video-preview":"max-video-preview:-1"},"canonical":"https:\/\/www.crs4.it\/en\/patents-and-trademarks\/method-and-device-for-controlling-a-solar-power-plant-of-the-concentrated-type-with-multiple-towers-and-heliostats\/","og_locale":"en_US","og_type":"article","og_title":"Method and device for controlling a solar power plant of the concentrated type with multiple towers and heliostats - CRS4","og_description":"Un codice di simulazione numerica molto flessibile (adattabile a campi solari di svariate dimensioni) permette di calcolare in maniera estremamente accurata l&#8217;energia solare raccolta da un impianto a pi\u00f9 torri (multitower). A questo codice \u00e8 accoppiato un altro codice che permette di ottimizzare l&#8217;inclinazione degli specchi in modo da configurare il campo, in tempo reale [&hellip;]","og_url":"https:\/\/www.crs4.it\/en\/patents-and-trademarks\/method-and-device-for-controlling-a-solar-power-plant-of-the-concentrated-type-with-multiple-towers-and-heliostats\/","og_site_name":"CRS4","article_publisher":"https:\/\/www.facebook.com\/pages\/CRS4\/153623948010688","article_modified_time":"2025-04-24T18:09:39+00:00","og_image":[{"url":"https:\/\/www.crs4.it\/wp-content\/uploads\/Cabibbo-N-1-1024x569.png","type":"","width":"","height":""}],"twitter_card":"summary_large_image","schema":{"@context":"https:\/\/schema.org","@graph":[{"@type":"Article","@id":"https:\/\/www.crs4.it\/en\/patents-and-trademarks\/method-and-device-for-controlling-a-solar-power-plant-of-the-concentrated-type-with-multiple-towers-and-heliostats\/#article","isPartOf":{"@id":"https:\/\/www.crs4.it\/en\/patents-and-trademarks\/method-and-device-for-controlling-a-solar-power-plant-of-the-concentrated-type-with-multiple-towers-and-heliostats\/"},"author":{"name":"Paolo Sirigu","@id":"https:\/\/www.crs4.it\/en\/#\/schema\/person\/d6d18aa42b5f98236124cab354b7f22f"},"headline":"Method and device for controlling a solar power plant of the concentrated type with multiple towers and heliostats","datePublished":"2024-11-11T15:30:52+00:00","dateModified":"2025-04-24T18:09:39+00:00","mainEntityOfPage":{"@id":"https:\/\/www.crs4.it\/en\/patents-and-trademarks\/method-and-device-for-controlling-a-solar-power-plant-of-the-concentrated-type-with-multiple-towers-and-heliostats\/"},"wordCount":248,"publisher":{"@id":"https:\/\/www.crs4.it\/en\/#organization"},"image":{"@id":"https:\/\/www.crs4.it\/en\/patents-and-trademarks\/method-and-device-for-controlling-a-solar-power-plant-of-the-concentrated-type-with-multiple-towers-and-heliostats\/#primaryimage"},"thumbnailUrl":"https:\/\/www.crs4.it\/wp-content\/uploads\/Cabibbo-N-1-1024x569.png","inLanguage":"en-US"},{"@type":"WebPage","@id":"https:\/\/www.crs4.it\/en\/patents-and-trademarks\/method-and-device-for-controlling-a-solar-power-plant-of-the-concentrated-type-with-multiple-towers-and-heliostats\/","url":"https:\/\/www.crs4.it\/en\/patents-and-trademarks\/method-and-device-for-controlling-a-solar-power-plant-of-the-concentrated-type-with-multiple-towers-and-heliostats\/","name":"Method and device for controlling a solar power plant of the concentrated type with multiple towers and heliostats - CRS4","isPartOf":{"@id":"https:\/\/www.crs4.it\/en\/#website"},"primaryImageOfPage":{"@id":"https:\/\/www.crs4.it\/en\/patents-and-trademarks\/method-and-device-for-controlling-a-solar-power-plant-of-the-concentrated-type-with-multiple-towers-and-heliostats\/#primaryimage"},"image":{"@id":"https:\/\/www.crs4.it\/en\/patents-and-trademarks\/method-and-device-for-controlling-a-solar-power-plant-of-the-concentrated-type-with-multiple-towers-and-heliostats\/#primaryimage"},"thumbnailUrl":"https:\/\/www.crs4.it\/wp-content\/uploads\/Cabibbo-N-1-1024x569.png","datePublished":"2024-11-11T15:30:52+00:00","dateModified":"2025-04-24T18:09:39+00:00","breadcrumb":{"@id":"https:\/\/www.crs4.it\/en\/patents-and-trademarks\/method-and-device-for-controlling-a-solar-power-plant-of-the-concentrated-type-with-multiple-towers-and-heliostats\/#breadcrumb"},"inLanguage":"en-US","potentialAction":[{"@type":"ReadAction","target":["https:\/\/www.crs4.it\/en\/patents-and-trademarks\/method-and-device-for-controlling-a-solar-power-plant-of-the-concentrated-type-with-multiple-towers-and-heliostats\/"]}]},{"@type":"ImageObject","inLanguage":"en-US","@id":"https:\/\/www.crs4.it\/en\/patents-and-trademarks\/method-and-device-for-controlling-a-solar-power-plant-of-the-concentrated-type-with-multiple-towers-and-heliostats\/#primaryimage","url":"https:\/\/www.crs4.it\/wp-content\/uploads\/Cabibbo-N-1-1024x569.png","contentUrl":"https:\/\/www.crs4.it\/wp-content\/uploads\/Cabibbo-N-1-1024x569.png"},{"@type":"BreadcrumbList","@id":"https:\/\/www.crs4.it\/en\/patents-and-trademarks\/method-and-device-for-controlling-a-solar-power-plant-of-the-concentrated-type-with-multiple-towers-and-heliostats\/#breadcrumb","itemListElement":[{"@type":"ListItem","position":1,"name":"Home","item":"https:\/\/www.crs4.it\/en\/"},{"@type":"ListItem","position":2,"name":"Patents and trademarks","item":"https:\/\/www.crs4.it\/en\/patents-and-trademarks\/"},{"@type":"ListItem","position":3,"name":"Method and device for controlling a solar power plant of the concentrated type with multiple towers and heliostats"}]},{"@type":"WebSite","@id":"https:\/\/www.crs4.it\/en\/#website","url":"https:\/\/www.crs4.it\/en\/","name":"CRS4","description":"","publisher":{"@id":"https:\/\/www.crs4.it\/en\/#organization"},"potentialAction":[{"@type":"SearchAction","target":{"@type":"EntryPoint","urlTemplate":"https:\/\/www.crs4.it\/en\/?s={search_term_string}"},"query-input":{"@type":"PropertyValueSpecification","valueRequired":true,"valueName":"search_term_string"}}],"inLanguage":"en-US"},{"@type":"Organization","@id":"https:\/\/www.crs4.it\/en\/#organization","name":"CRS4","url":"https:\/\/www.crs4.it\/en\/","logo":{"@type":"ImageObject","inLanguage":"en-US","@id":"https:\/\/www.crs4.it\/en\/#\/schema\/logo\/image\/","url":"https:\/\/www.crs4.it\/wp-content\/uploads\/CRS4.trentennale_3.png","contentUrl":"https:\/\/www.crs4.it\/wp-content\/uploads\/CRS4.trentennale_3.png","width":1518,"height":577,"caption":"CRS4"},"image":{"@id":"https:\/\/www.crs4.it\/en\/#\/schema\/logo\/image\/"},"sameAs":["https:\/\/www.facebook.com\/pages\/CRS4\/153623948010688","https:\/\/www.instagram.com\/crs4.it\/","https:\/\/www.youtube.com\/CRS4video","https:\/\/www.linkedin.com\/company\/crs4","https:\/\/www.slideshare.net\/CRS4"]},{"@type":"Person","@id":"https:\/\/www.crs4.it\/en\/#\/schema\/person\/d6d18aa42b5f98236124cab354b7f22f","name":"Paolo Sirigu","image":{"@type":"ImageObject","inLanguage":"en-US","@id":"https:\/\/www.crs4.it\/en\/#\/schema\/person\/image\/","url":"https:\/\/secure.gravatar.com\/avatar\/b8b44484d86fad28cb7ed89c8cf7ca1057f60adcf3113c1a0f24d057dbf8005d?s=96&d=mm&r=g","contentUrl":"https:\/\/secure.gravatar.com\/avatar\/b8b44484d86fad28cb7ed89c8cf7ca1057f60adcf3113c1a0f24d057dbf8005d?s=96&d=mm&r=g","caption":"Paolo Sirigu"}}]}},"_links":{"self":[{"href":"https:\/\/www.crs4.it\/en\/wp-json\/wp\/v2\/pages\/4939","targetHints":{"allow":["GET"]}}],"collection":[{"href":"https:\/\/www.crs4.it\/en\/wp-json\/wp\/v2\/pages"}],"about":[{"href":"https:\/\/www.crs4.it\/en\/wp-json\/wp\/v2\/types\/page"}],"author":[{"embeddable":true,"href":"https:\/\/www.crs4.it\/en\/wp-json\/wp\/v2\/users\/2"}],"replies":[{"embeddable":true,"href":"https:\/\/www.crs4.it\/en\/wp-json\/wp\/v2\/comments?post=4939"}],"version-history":[{"count":16,"href":"https:\/\/www.crs4.it\/en\/wp-json\/wp\/v2\/pages\/4939\/revisions"}],"predecessor-version":[{"id":4986,"href":"https:\/\/www.crs4.it\/en\/wp-json\/wp\/v2\/pages\/4939\/revisions\/4986"}],"up":[{"embeddable":true,"href":"https:\/\/www.crs4.it\/en\/wp-json\/wp\/v2\/pages\/4831"}],"wp:attachment":[{"href":"https:\/\/www.crs4.it\/en\/wp-json\/wp\/v2\/media?parent=4939"}],"curies":[{"name":"wp","href":"https:\/\/api.w.org\/{rel}","templated":true}]}}